{"id":9384,"date":"2024-05-07T08:31:25","date_gmt":"2024-05-07T11:31:25","guid":{"rendered":"https:\/\/programapetzoo.com.br\/?page_id=9384"},"modified":"2024-05-07T08:31:25","modified_gmt":"2024-05-07T11:31:25","slug":"snow","status":"publish","type":"page","link":"https:\/\/programapetzoo.com.br\/site\/snow\/","title":{"rendered":"snow"},"content":{"rendered":"\t\t<div data-elementor-type=\"wp-page\" data-elementor-id=\"9384\" class=\"elementor elementor-9384\">\n\t\t\t\t<div class=\"elementor-element elementor-element-027e219 e-flex e-con-boxed e-con e-parent\" data-id=\"027e219\" data-element_type=\"container\">\n\t\t\t\t\t<div class=\"e-con-inner\">\n\t\t\t\t<div class=\"elementor-element elementor-element-5034d45 elementor-widget elementor-widget-heading\" data-id=\"5034d45\" data-element_type=\"widget\" data-widget_type=\"heading.default\">\n\t\t\t\t<div class=\"elementor-widget-container\">\n\t\t\t<h2 class=\"elementor-heading-title elementor-size-default\">Snow Pet Shop<\/h2>\t\t<\/div>\n\t\t\t\t<\/div>\n\t\t\t\t\t<\/div>\n\t\t\t\t<\/div>\n\t\t<div class=\"elementor-element elementor-element-7f6a530d e-flex e-con-boxed e-con e-parent\" data-id=\"7f6a530d\" data-element_type=\"container\">\n\t\t\t\t\t<div class=\"e-con-inner\">\n\t\t\t\t\t<\/div>\n\t\t\t\t<\/div>\n\t\t<div class=\"elementor-element elementor-element-eae672f e-flex e-con-boxed e-con e-parent\" data-id=\"eae672f\" data-element_type=\"container\">\n\t\t\t\t\t<div class=\"e-con-inner\">\n\t\t<div class=\"elementor-element elementor-element-d688189 e-con-full e-flex e-con e-child\" data-id=\"d688189\" data-element_type=\"container\">\n\t\t\t\t<div class=\"elementor-element elementor-element-1a0ed5c elementor-invisible elementor-widget elementor-widget-image\" data-id=\"1a0ed5c\" data-element_type=\"widget\" data-settings=\"{&quot;_animation&quot;:&quot;fadeInRight&quot;}\" data-widget_type=\"image.default\">\n\t\t\t\t<div class=\"elementor-widget-container\">\n\t\t\t\t\t\t\t\t\t\t\t\t\t<img decoding=\"async\" width=\"150\" height=\"150\" src=\"https:\/\/programapetzoo.com.br\/site\/wp-content\/uploads\/2024\/05\/191351776_4155717884493057_7821149946370279200_n.jpg\" class=\"attachment-large size-large wp-image-9374\" alt=\"\" \/>\t\t\t\t\t\t\t\t\t\t\t\t\t<\/div>\n\t\t\t\t<\/div>\n\t\t\t\t<\/div>\n\t\t<div class=\"elementor-element elementor-element-9dd2654 e-con-full e-flex e-con e-child\" data-id=\"9dd2654\" data-element_type=\"container\">\n\t\t\t\t<div class=\"elementor-element elementor-element-889c1f6 elementor-widget elementor-widget-text-editor\" data-id=\"889c1f6\" data-element_type=\"widget\" data-widget_type=\"text-editor.default\">\n\t\t\t\t<div class=\"elementor-widget-container\">\n\t\t\t\t\t\t\t<p><strong>Snow Pet Shop &#8211; <\/strong>Todo cuidado e carinho para quem sempre est\u00e1 do seu lado<br \/>Banho&amp;Tosa, Acess\u00f3rios e T\u00e1xi Dog<br \/>Rua dos Caic\u00f3s\u00a0 2188 \u2013 Natal \u2013 RN<br \/>Hor\u00e1rio de funcionamento<br \/>Seg \u00e0 Sex: 08h \u00e0s 17h S\u00e1b: 08h \u00e0s 12h<br \/><a href=\"https:\/\/wa.me\/5584996293494\">(84)\u00a0 9 9629 3494<\/a><br \/><a href=\"https:\/\/www.instagram.com\/snowpetshop_\/\">Instagram \u00a0@snowpetshop_<\/a><\/p>\t\t\t\t\t\t<\/div>\n\t\t\t\t<\/div>\n\t\t\t\t<\/div>\n\t\t\t\t\t<\/div>\n\t\t\t\t<\/div>\n\t\t<div class=\"elementor-element elementor-element-786e6d6 e-flex e-con-boxed e-con e-parent\" data-id=\"786e6d6\" data-element_type=\"container\">\n\t\t\t\t\t<div class=\"e-con-inner\">\n\t\t<div class=\"elementor-element elementor-element-399244d e-con-full e-flex e-con e-child\" data-id=\"399244d\" data-element_type=\"container\">\n\t\t\t\t<div class=\"elementor-element elementor-element-6173dba elementor-invisible elementor-widget elementor-widget-image\" data-id=\"6173dba\" data-element_type=\"widget\" data-settings=\"{&quot;_animation&quot;:&quot;fadeInRight&quot;}\" data-widget_type=\"image.default\">\n\t\t\t\t<div class=\"elementor-widget-container\">\n\t\t\t\t\t\t\t\t\t\t\t\t\t<img fetchpriority=\"high\" decoding=\"async\" width=\"768\" height=\"1024\" src=\"https:\/\/programapetzoo.com.br\/site\/wp-content\/uploads\/2024\/05\/snow-pet-6.jpeg\" class=\"attachment-large size-large wp-image-9393\" alt=\"\" srcset=\"https:\/\/programapetzoo.com.br\/site\/wp-content\/uploads\/2024\/05\/snow-pet-6.jpeg 768w, https:\/\/programapetzoo.com.br\/site\/wp-content\/uploads\/2024\/05\/snow-pet-6-225x300.jpeg 225w\" sizes=\"(max-width: 768px) 100vw, 768px\" \/>\t\t\t\t\t\t\t\t\t\t\t\t\t<\/div>\n\t\t\t\t<\/div>\n\t\t\t\t<\/div>\n\t\t<div class=\"elementor-element elementor-element-dc2a053 e-con-full e-flex e-con e-child\" data-id=\"dc2a053\" data-element_type=\"container\">\n\t\t\t\t<div class=\"elementor-element elementor-element-0807224 elementor-widget elementor-widget-google_maps\" data-id=\"0807224\" data-element_type=\"widget\" data-widget_type=\"google_maps.default\">\n\t\t\t\t<div class=\"elementor-widget-container\">\n\t\t\t\t\t<div class=\"elementor-custom-embed\">\n\t\t\t<iframe loading=\"lazy\"\n\t\t\t\t\tsrc=\"https:\/\/maps.google.com\/maps?q=Rua%20dos%20Caic%C3%B3s%C2%A0%202188%20%E2%80%93%20Natal%20%E2%80%93%20RN&#038;t=m&#038;z=15&#038;output=embed&#038;iwloc=near\"\n\t\t\t\t\ttitle=\"Rua dos Caic\u00f3s\u00a0 2188 \u2013 Natal \u2013 RN\"\n\t\t\t\t\taria-label=\"Rua dos Caic\u00f3s\u00a0 2188 \u2013 Natal \u2013 RN\"\n\t\t\t><\/iframe>\n\t\t<\/div>\n\t\t\t\t<\/div>\n\t\t\t\t<\/div>\n\t\t\t\t<\/div>\n\t\t\t\t\t<\/div>\n\t\t\t\t<\/div>\n\t\t<div class=\"elementor-element elementor-element-db8b1e3 e-flex e-con-boxed e-con e-parent\" data-id=\"db8b1e3\" data-element_type=\"container\">\n\t\t\t\t\t<div class=\"e-con-inner\">\n\t\t<div class=\"elementor-element elementor-element-17e5b05 e-con-full e-flex e-con e-child\" data-id=\"17e5b05\" data-element_type=\"container\">\n\t\t\t\t<div class=\"elementor-element elementor-element-7430c37 elementor-invisible elementor-widget elementor-widget-image\" data-id=\"7430c37\" data-element_type=\"widget\" data-settings=\"{&quot;_animation&quot;:&quot;fadeInRight&quot;}\" data-widget_type=\"image.default\">\n\t\t\t\t<div class=\"elementor-widget-container\">\n\t\t\t\t\t\t\t\t\t\t\t\t\t<img decoding=\"async\" width=\"768\" height=\"1024\" src=\"https:\/\/programapetzoo.com.br\/site\/wp-content\/uploads\/2024\/05\/snow-pet-2.jpeg\" class=\"attachment-large size-large wp-image-9400\" alt=\"\" srcset=\"https:\/\/programapetzoo.com.br\/site\/wp-content\/uploads\/2024\/05\/snow-pet-2.jpeg 768w, https:\/\/programapetzoo.com.br\/site\/wp-content\/uploads\/2024\/05\/snow-pet-2-225x300.jpeg 225w\" sizes=\"(max-width: 768px) 100vw, 768px\" \/>\t\t\t\t\t\t\t\t\t\t\t\t\t<\/div>\n\t\t\t\t<\/div>\n\t\t\t\t<\/div>\n\t\t<div class=\"elementor-element elementor-element-05c11d9 e-con-full e-flex e-con e-child\" data-id=\"05c11d9\" data-element_type=\"container\">\n\t\t\t\t<div class=\"elementor-element elementor-element-cf05869 elementor-invisible elementor-widget elementor-widget-image\" data-id=\"cf05869\" data-element_type=\"widget\" data-settings=\"{&quot;_animation&quot;:&quot;fadeInRight&quot;}\" data-widget_type=\"image.default\">\n\t\t\t\t<div class=\"elementor-widget-container\">\n\t\t\t\t\t\t\t\t\t\t\t\t\t<img loading=\"lazy\" decoding=\"async\" width=\"686\" height=\"1024\" src=\"https:\/\/programapetzoo.com.br\/site\/wp-content\/uploads\/2024\/05\/snow-pet-5.jpeg\" class=\"attachment-large size-large wp-image-9399\" alt=\"\" srcset=\"https:\/\/programapetzoo.com.br\/site\/wp-content\/uploads\/2024\/05\/snow-pet-5.jpeg 686w, https:\/\/programapetzoo.com.br\/site\/wp-content\/uploads\/2024\/05\/snow-pet-5-201x300.jpeg 201w\" sizes=\"(max-width: 686px) 100vw, 686px\" \/>\t\t\t\t\t\t\t\t\t\t\t\t\t<\/div>\n\t\t\t\t<\/div>\n\t\t\t\t<\/div>\n\t\t\t\t\t<\/div>\n\t\t\t\t<\/div>\n\t\t<div class=\"elementor-element elementor-element-24afdc5 e-flex e-con-boxed e-con e-parent\" data-id=\"24afdc5\" data-element_type=\"container\">\n\t\t\t\t\t<div class=\"e-con-inner\">\n\t\t<div class=\"elementor-element elementor-element-d57b94e e-con-full e-flex e-con e-child\" data-id=\"d57b94e\" data-element_type=\"container\">\n\t\t\t\t<div class=\"elementor-element elementor-element-e764bd5 elementor-widget elementor-widget-image\" data-id=\"e764bd5\" data-element_type=\"widget\" data-widget_type=\"image.default\">\n\t\t\t\t<div class=\"elementor-widget-container\">\n\t\t\t\t\t\t\t\t\t\t\t\t\t<img loading=\"lazy\" decoding=\"async\" width=\"800\" height=\"600\" src=\"https:\/\/programapetzoo.com.br\/site\/wp-content\/uploads\/2024\/05\/snow-pet1.jpeg\" class=\"attachment-large size-large wp-image-9398\" alt=\"\" srcset=\"https:\/\/programapetzoo.com.br\/site\/wp-content\/uploads\/2024\/05\/snow-pet1.jpeg 1024w, https:\/\/programapetzoo.com.br\/site\/wp-content\/uploads\/2024\/05\/snow-pet1-300x225.jpeg 300w, https:\/\/programapetzoo.com.br\/site\/wp-content\/uploads\/2024\/05\/snow-pet1-768x576.jpeg 768w\" sizes=\"(max-width: 800px) 100vw, 800px\" \/>\t\t\t\t\t\t\t\t\t\t\t\t\t<\/div>\n\t\t\t\t<\/div>\n\t\t\t\t<\/div>\n\t\t<div class=\"elementor-element elementor-element-e77c8a2 e-con-full e-flex e-con e-child\" data-id=\"e77c8a2\" data-element_type=\"container\">\n\t\t\t\t<div class=\"elementor-element elementor-element-61249f8 elementor-widget elementor-widget-image\" data-id=\"61249f8\" data-element_type=\"widget\" data-widget_type=\"image.default\">\n\t\t\t\t<div class=\"elementor-widget-container\">\n\t\t\t\t\t\t\t\t\t\t\t\t\t<img loading=\"lazy\" decoding=\"async\" width=\"800\" height=\"600\" src=\"https:\/\/programapetzoo.com.br\/site\/wp-content\/uploads\/2024\/05\/snow-pet-3.jpeg\" class=\"attachment-large size-large wp-image-9397\" alt=\"\" srcset=\"https:\/\/programapetzoo.com.br\/site\/wp-content\/uploads\/2024\/05\/snow-pet-3.jpeg 1024w, https:\/\/programapetzoo.com.br\/site\/wp-content\/uploads\/2024\/05\/snow-pet-3-300x225.jpeg 300w, https:\/\/programapetzoo.com.br\/site\/wp-content\/uploads\/2024\/05\/snow-pet-3-768x576.jpeg 768w\" sizes=\"(max-width: 800px) 100vw, 800px\" \/>\t\t\t\t\t\t\t\t\t\t\t\t\t<\/div>\n\t\t\t\t<\/div>\n\t\t\t\t<\/div>\n\t\t\t\t\t<\/div>\n\t\t\t\t<\/div>\n\t\t\t\t<\/div>\n\t\t","protected":false},"excerpt":{"rendered":"<p>Snow Pet Shop Snow Pet Shop &#8211; Todo cuidado e carinho para quem sempre est\u00e1 do seu ladoBanho&amp;Tosa, Acess\u00f3rios e T\u00e1xi DogRua dos Caic\u00f3s\u00a0 2188 \u2013 Natal \u2013 RNHor\u00e1rio de &#8230;<\/p>\n","protected":false},"author":1,"featured_media":0,"parent":0,"menu_order":0,"comment_status":"closed","ping_status":"closed","template":"","meta":{"footnotes":""},"class_list":["post-9384","page","type-page","status-publish","hentry"],"jetpack_sharing_enabled":true,"blog_post_layout_featured_media_urls":{"thumbnail":"","full":""},"categories_names":null,"comments_number":"0","wpmagazine_modules_lite_featured_media_urls":{"thumbnail":"","cvmm-medium":"","cvmm-medium-plus":"","cvmm-portrait":"","cvmm-medium-square":"","cvmm-large":"","cvmm-small":"","full":""},"_links":{"self":[{"href":"https:\/\/programapetzoo.com.br\/site\/wp-json\/wp\/v2\/pages\/9384","targetHints":{"allow":["GET"]}}],"collection":[{"href":"https:\/\/programapetzoo.com.br\/site\/wp-json\/wp\/v2\/pages"}],"about":[{"href":"https:\/\/programapetzoo.com.br\/site\/wp-json\/wp\/v2\/types\/page"}],"author":[{"embeddable":true,"href":"https:\/\/programapetzoo.com.br\/site\/wp-json\/wp\/v2\/users\/1"}],"replies":[{"embeddable":true,"href":"https:\/\/programapetzoo.com.br\/site\/wp-json\/wp\/v2\/comments?post=9384"}],"version-history":[{"count":0,"href":"https:\/\/programapetzoo.com.br\/site\/wp-json\/wp\/v2\/pages\/9384\/revisions"}],"wp:attachment":[{"href":"https:\/\/programapetzoo.com.br\/site\/wp-json\/wp\/v2\/media?parent=9384"}],"curies":[{"name":"wp","href":"https:\/\/api.w.org\/{rel}","templated":true}]}}