{"id":8020,"date":"2024-04-02T11:34:02","date_gmt":"2024-04-02T14:34:02","guid":{"rendered":"https:\/\/programapetzoo.com.br\/?page_id=8020"},"modified":"2024-04-02T11:34:02","modified_gmt":"2024-04-02T14:34:02","slug":"daniela-franco-lopes","status":"publish","type":"page","link":"https:\/\/programapetzoo.com.br\/site\/daniela-franco-lopes\/","title":{"rendered":"Daniela Franco Lopes"},"content":{"rendered":"\t\t<div data-elementor-type=\"wp-page\" data-elementor-id=\"8020\" class=\"elementor elementor-8020\">\n\t\t\t\t<div class=\"elementor-element elementor-element-85d3ae0 e-flex e-con-boxed e-con e-parent\" data-id=\"85d3ae0\" data-element_type=\"container\">\n\t\t\t\t\t<div class=\"e-con-inner\">\n\t\t\t\t<div class=\"elementor-element elementor-element-8adc4b5 elementor-widget elementor-widget-heading\" data-id=\"8adc4b5\" data-element_type=\"widget\" data-widget_type=\"heading.default\">\n\t\t\t\t<div class=\"elementor-widget-container\">\n\t\t\t<h2 class=\"elementor-heading-title elementor-size-default\">Daniela Franco Lopes<\/h2>\t\t<\/div>\n\t\t\t\t<\/div>\n\t\t\t\t\t<\/div>\n\t\t\t\t<\/div>\n\t\t<div class=\"elementor-element elementor-element-195b0e6 e-flex e-con-boxed e-con e-parent\" data-id=\"195b0e6\" data-element_type=\"container\">\n\t\t\t\t\t<div class=\"e-con-inner\">\n\t\t<div class=\"elementor-element elementor-element-651a75e e-con-full e-flex e-con e-child\" data-id=\"651a75e\" data-element_type=\"container\">\n\t\t\t\t<\/div>\n\t\t<div class=\"elementor-element elementor-element-d8dd714 e-con-full e-flex e-con e-child\" data-id=\"d8dd714\" data-element_type=\"container\">\n\t\t\t\t<div class=\"elementor-element elementor-element-38f1d8b elementor-widget elementor-widget-image\" data-id=\"38f1d8b\" data-element_type=\"widget\" data-widget_type=\"image.default\">\n\t\t\t\t<div class=\"elementor-widget-container\">\n\t\t\t\t\t\t\t\t\t\t\t\t\t<img fetchpriority=\"high\" decoding=\"async\" width=\"612\" height=\"612\" src=\"https:\/\/programapetzoo.com.br\/site\/wp-content\/uploads\/2024\/04\/foto-dra-Daniela.jpeg\" class=\"attachment-large size-large wp-image-8022\" alt=\"\" srcset=\"https:\/\/programapetzoo.com.br\/site\/wp-content\/uploads\/2024\/04\/foto-dra-Daniela.jpeg 612w, https:\/\/programapetzoo.com.br\/site\/wp-content\/uploads\/2024\/04\/foto-dra-Daniela-300x300.jpeg 300w, https:\/\/programapetzoo.com.br\/site\/wp-content\/uploads\/2024\/04\/foto-dra-Daniela-150x150.jpeg 150w, https:\/\/programapetzoo.com.br\/site\/wp-content\/uploads\/2024\/04\/foto-dra-Daniela-600x600.jpeg 600w\" sizes=\"(max-width: 612px) 100vw, 612px\" \/>\t\t\t\t\t\t\t\t\t\t\t\t\t<\/div>\n\t\t\t\t<\/div>\n\t\t\t\t<\/div>\n\t\t\t\t\t<\/div>\n\t\t\t\t<\/div>\n\t\t\t\t<\/div>\n\t\t","protected":false},"excerpt":{"rendered":"<p>Daniela Franco Lopes By programapetzoo 02\/04\/2024 COMO INTERPRETAR OS SINTOMAS DOS ANIMAISATRAV\u00c9S DA ANAMNESE VIBRACIONAL Como M\u00e9dica Veterin\u00e1ria Bioenerg\u00e9tica h\u00e1 17 anos, sou sempre questionada pelas pessoas e muitos perguntam &#8230;<\/p>\n","protected":false},"author":1,"featured_media":0,"parent":0,"menu_order":0,"comment_status":"closed","ping_status":"closed","template":"","meta":{"footnotes":""},"class_list":["post-8020","page","type-page","status-publish","hentry"],"jetpack_sharing_enabled":true,"blog_post_layout_featured_media_urls":{"thumbnail":"","full":""},"categories_names":null,"comments_number":"0","wpmagazine_modules_lite_featured_media_urls":{"thumbnail":"","cvmm-medium":"","cvmm-medium-plus":"","cvmm-portrait":"","cvmm-medium-square":"","cvmm-large":"","cvmm-small":"","full":""},"_links":{"self":[{"href":"https:\/\/programapetzoo.com.br\/site\/wp-json\/wp\/v2\/pages\/8020","targetHints":{"allow":["GET"]}}],"collection":[{"href":"https:\/\/programapetzoo.com.br\/site\/wp-json\/wp\/v2\/pages"}],"about":[{"href":"https:\/\/programapetzoo.com.br\/site\/wp-json\/wp\/v2\/types\/page"}],"author":[{"embeddable":true,"href":"https:\/\/programapetzoo.com.br\/site\/wp-json\/wp\/v2\/users\/1"}],"replies":[{"embeddable":true,"href":"https:\/\/programapetzoo.com.br\/site\/wp-json\/wp\/v2\/comments?post=8020"}],"version-history":[{"count":0,"href":"https:\/\/programapetzoo.com.br\/site\/wp-json\/wp\/v2\/pages\/8020\/revisions"}],"wp:attachment":[{"href":"https:\/\/programapetzoo.com.br\/site\/wp-json\/wp\/v2\/media?parent=8020"}],"curies":[{"name":"wp","href":"https:\/\/api.w.org\/{rel}","templated":true}]}}