{"id":7913,"date":"2024-04-01T10:47:38","date_gmt":"2024-04-01T13:47:38","guid":{"rendered":"https:\/\/programapetzoo.com.br\/?page_id=7913"},"modified":"2024-04-01T10:47:38","modified_gmt":"2024-04-01T13:47:38","slug":"pet-folia","status":"publish","type":"page","link":"https:\/\/programapetzoo.com.br\/site\/pet-folia\/","title":{"rendered":"Pet Folia"},"content":{"rendered":"\t\t<div data-elementor-type=\"wp-page\" data-elementor-id=\"7913\" class=\"elementor elementor-7913\">\n\t\t\t\t<div class=\"elementor-element elementor-element-05a12f1 e-flex e-con-boxed e-con e-parent\" data-id=\"05a12f1\" data-element_type=\"container\">\n\t\t\t\t\t<div class=\"e-con-inner\">\n\t\t\t\t<div class=\"elementor-element elementor-element-bcffb0c elementor-widget elementor-widget-heading\" data-id=\"bcffb0c\" data-element_type=\"widget\" data-widget_type=\"heading.default\">\n\t\t\t\t<div class=\"elementor-widget-container\">\n\t\t\t<h2 class=\"elementor-heading-title elementor-size-default\">PET FOLIA<\/h2>\t\t<\/div>\n\t\t\t\t<\/div>\n\t\t\t\t\t<\/div>\n\t\t\t\t<\/div>\n\t\t<div class=\"elementor-element elementor-element-a7c6178 e-flex e-con-boxed e-con e-parent\" data-id=\"a7c6178\" data-element_type=\"container\">\n\t\t\t\t\t<div class=\"e-con-inner\">\n\t\t<div class=\"elementor-element elementor-element-3193b05 e-con-full e-flex e-con e-child\" data-id=\"3193b05\" data-element_type=\"container\">\n\t\t\t\t<div class=\"elementor-element elementor-element-c367800 elementor-widget elementor-widget-image\" data-id=\"c367800\" data-element_type=\"widget\" data-widget_type=\"image.default\">\n\t\t\t\t<div class=\"elementor-widget-container\">\n\t\t\t\t\t\t\t\t\t\t\t\t\t<img fetchpriority=\"high\" decoding=\"async\" width=\"782\" height=\"1024\" src=\"https:\/\/programapetzoo.com.br\/site\/wp-content\/uploads\/2024\/04\/petfolia-3-782x1024.jpeg\" class=\"attachment-large size-large wp-image-7924\" alt=\"\" srcset=\"https:\/\/programapetzoo.com.br\/site\/wp-content\/uploads\/2024\/04\/petfolia-3-782x1024.jpeg 782w, https:\/\/programapetzoo.com.br\/site\/wp-content\/uploads\/2024\/04\/petfolia-3-229x300.jpeg 229w, https:\/\/programapetzoo.com.br\/site\/wp-content\/uploads\/2024\/04\/petfolia-3-768x1006.jpeg 768w, https:\/\/programapetzoo.com.br\/site\/wp-content\/uploads\/2024\/04\/petfolia-3.jpeg 1042w\" sizes=\"(max-width: 782px) 100vw, 782px\" \/>\t\t\t\t\t\t\t\t\t\t\t\t\t<\/div>\n\t\t\t\t<\/div>\n\t\t\t\t<\/div>\n\t\t<div class=\"elementor-element elementor-element-173e2d0 e-con-full e-flex e-con e-child\" data-id=\"173e2d0\" data-element_type=\"container\">\n\t\t\t\t<div class=\"elementor-element elementor-element-57078ac elementor-widget elementor-widget-text-editor\" data-id=\"57078ac\" data-element_type=\"widget\" data-widget_type=\"text-editor.default\">\n\t\t\t\t<div class=\"elementor-widget-container\">\n\t\t\t\t\t\t\t<p><strong>PET FOLIA<\/strong><\/p><p>\u00a0<\/p><p>O maior carnaval de rua para os pets.<\/p><p>O Pet Folia acontece sempre no s\u00e1bado p\u00f3s carnaval dos humanos.<\/p><p>E \u00e9 no meio da rua, que os pets e suas fam\u00edlias humanas, caem na folia.<\/p><p>Evento aberto a todos, organizado pelo Programa PetZoo<\/p><p>Mais no<\/p><p>@<a href=\"https:\/\/www.instagram.com\/roledospetsrn\" target=\"_blank\" rel=\"noopener\">roledospetsrn<\/a><\/p>\t\t\t\t\t\t<\/div>\n\t\t\t\t<\/div>\n\t\t\t\t<\/div>\n\t\t\t\t\t<\/div>\n\t\t\t\t<\/div>\n\t\t<div class=\"elementor-element elementor-element-98edee8 e-flex e-con-boxed e-con e-parent\" data-id=\"98edee8\" data-element_type=\"container\">\n\t\t\t\t\t<div class=\"e-con-inner\">\n\t\t\t\t<div class=\"elementor-element elementor-element-409a249 elementor-widget elementor-widget-video\" data-id=\"409a249\" data-element_type=\"widget\" data-settings=\"{&quot;youtube_url&quot;:&quot;https:\\\/\\\/www.youtube.com\\\/watch?v=SThVgt2jyWg&quot;,&quot;video_type&quot;:&quot;youtube&quot;,&quot;controls&quot;:&quot;yes&quot;}\" data-widget_type=\"video.default\">\n\t\t\t\t<div class=\"elementor-widget-container\">\n\t\t\t\t\t<div class=\"elementor-wrapper elementor-open-inline\">\n\t\t\t<div class=\"elementor-video\"><\/div>\t\t<\/div>\n\t\t\t\t<\/div>\n\t\t\t\t<\/div>\n\t\t\t\t\t<\/div>\n\t\t\t\t<\/div>\n\t\t\t\t<\/div>\n\t\t","protected":false},"excerpt":{"rendered":"<p>PET FOLIA PET FOLIA \u00a0 O maior carnaval de rua para os pets. O Pet Folia acontece sempre no s\u00e1bado p\u00f3s carnaval dos humanos. E \u00e9 no meio da rua, &#8230;<\/p>\n","protected":false},"author":1,"featured_media":0,"parent":0,"menu_order":0,"comment_status":"closed","ping_status":"closed","template":"","meta":{"footnotes":""},"class_list":["post-7913","page","type-page","status-publish","hentry"],"jetpack_sharing_enabled":true,"blog_post_layout_featured_media_urls":{"thumbnail":"","full":""},"categories_names":null,"comments_number":"0","wpmagazine_modules_lite_featured_media_urls":{"thumbnail":"","cvmm-medium":"","cvmm-medium-plus":"","cvmm-portrait":"","cvmm-medium-square":"","cvmm-large":"","cvmm-small":"","full":""},"_links":{"self":[{"href":"https:\/\/programapetzoo.com.br\/site\/wp-json\/wp\/v2\/pages\/7913","targetHints":{"allow":["GET"]}}],"collection":[{"href":"https:\/\/programapetzoo.com.br\/site\/wp-json\/wp\/v2\/pages"}],"about":[{"href":"https:\/\/programapetzoo.com.br\/site\/wp-json\/wp\/v2\/types\/page"}],"author":[{"embeddable":true,"href":"https:\/\/programapetzoo.com.br\/site\/wp-json\/wp\/v2\/users\/1"}],"replies":[{"embeddable":true,"href":"https:\/\/programapetzoo.com.br\/site\/wp-json\/wp\/v2\/comments?post=7913"}],"version-history":[{"count":0,"href":"https:\/\/programapetzoo.com.br\/site\/wp-json\/wp\/v2\/pages\/7913\/revisions"}],"wp:attachment":[{"href":"https:\/\/programapetzoo.com.br\/site\/wp-json\/wp\/v2\/media?parent=7913"}],"curies":[{"name":"wp","href":"https:\/\/api.w.org\/{rel}","templated":true}]}}