{"id":7535,"date":"2024-03-28T13:16:37","date_gmt":"2024-03-28T16:16:37","guid":{"rendered":"https:\/\/programapetzoo.com.br\/?page_id=7535"},"modified":"2024-03-28T13:16:37","modified_gmt":"2024-03-28T16:16:37","slug":"planetaanimal","status":"publish","type":"page","link":"https:\/\/programapetzoo.com.br\/site\/planetaanimal\/","title":{"rendered":"Planetaanimal"},"content":{"rendered":"\t\t<div data-elementor-type=\"wp-page\" data-elementor-id=\"7535\" class=\"elementor elementor-7535\">\n\t\t\t\t<div class=\"elementor-element elementor-element-94dbefd e-flex e-con-boxed e-con e-parent\" data-id=\"94dbefd\" data-element_type=\"container\">\n\t\t\t\t\t<div class=\"e-con-inner\">\n\t\t\t\t<div class=\"elementor-element elementor-element-66a8b07 elementor-widget elementor-widget-heading\" data-id=\"66a8b07\" data-element_type=\"widget\" data-widget_type=\"heading.default\">\n\t\t\t\t<div class=\"elementor-widget-container\">\n\t\t\t<h2 class=\"elementor-heading-title elementor-size-default\">Planeta Animal<\/h2>\t\t<\/div>\n\t\t\t\t<\/div>\n\t\t\t\t\t<\/div>\n\t\t\t\t<\/div>\n\t\t<div class=\"elementor-element elementor-element-9cb30c6 e-flex e-con-boxed e-con e-parent\" data-id=\"9cb30c6\" data-element_type=\"container\">\n\t\t\t\t\t<div class=\"e-con-inner\">\n\t\t<div class=\"elementor-element elementor-element-b043349 e-con-full e-flex e-con e-child\" data-id=\"b043349\" data-element_type=\"container\">\n\t\t\t\t<div class=\"elementor-element elementor-element-765bd19 elementor-widget elementor-widget-image\" data-id=\"765bd19\" data-element_type=\"widget\" data-widget_type=\"image.default\">\n\t\t\t\t<div class=\"elementor-widget-container\">\n\t\t\t\t\t\t\t\t\t\t\t\t\t<img fetchpriority=\"high\" decoding=\"async\" width=\"800\" height=\"800\" src=\"https:\/\/programapetzoo.com.br\/site\/wp-content\/uploads\/2024\/03\/LOGO-PLANETA-ANIMAL-1024x1024.jpeg\" class=\"attachment-large size-large wp-image-7531\" alt=\"\" srcset=\"https:\/\/programapetzoo.com.br\/site\/wp-content\/uploads\/2024\/03\/LOGO-PLANETA-ANIMAL-1024x1024.jpeg 1024w, https:\/\/programapetzoo.com.br\/site\/wp-content\/uploads\/2024\/03\/LOGO-PLANETA-ANIMAL-300x300.jpeg 300w, https:\/\/programapetzoo.com.br\/site\/wp-content\/uploads\/2024\/03\/LOGO-PLANETA-ANIMAL-150x150.jpeg 150w, https:\/\/programapetzoo.com.br\/site\/wp-content\/uploads\/2024\/03\/LOGO-PLANETA-ANIMAL-768x768.jpeg 768w, https:\/\/programapetzoo.com.br\/site\/wp-content\/uploads\/2024\/03\/LOGO-PLANETA-ANIMAL-1536x1536.jpeg 1536w, https:\/\/programapetzoo.com.br\/site\/wp-content\/uploads\/2024\/03\/LOGO-PLANETA-ANIMAL-600x600.jpeg 600w, https:\/\/programapetzoo.com.br\/site\/wp-content\/uploads\/2024\/03\/LOGO-PLANETA-ANIMAL.jpeg 1600w\" sizes=\"(max-width: 800px) 100vw, 800px\" \/>\t\t\t\t\t\t\t\t\t\t\t\t\t<\/div>\n\t\t\t\t<\/div>\n\t\t\t\t<\/div>\n\t\t<div class=\"elementor-element elementor-element-792d18a e-con-full e-flex e-con e-child\" data-id=\"792d18a\" data-element_type=\"container\">\n\t\t\t\t<div class=\"elementor-element elementor-element-54b2c98 elementor-widget elementor-widget-text-editor\" data-id=\"54b2c98\" data-element_type=\"widget\" data-widget_type=\"text-editor.default\">\n\t\t\t\t<div class=\"elementor-widget-container\">\n\t\t\t\t\t\t\t<div><strong>PLANETA ANIMAL<\/strong><\/div><div>Pet Shop Ponta Negra<\/div><div><p>Um mundo em produtos para seu animal de estima\u00e7\u00e3o\u00a0\u00a0<\/p><p>Av. Praia de Genipabu,<br \/>n. 2419<br \/>Ponta Negra<br \/>Natal-RN<br \/>Cep. 59094.010<\/p><p>Hor\u00e1rios de funcionamento<br \/>Seg a sexta-feira<br \/>08:00 \u00e1s 18:00<br \/>S\u00e1bado<br \/>08:00 \u00e0s 14:00<\/p><p>Contato<br \/>84. 3219 -5524<br \/>84. 9 8872-1517<br \/>@<a href=\"https:\/\/www.instagram.com\/petshoplanetaanimal\" target=\"_blank\" rel=\"noopener\">petshoplanetaanimal\u00a0<\/a><\/p><\/div>\t\t\t\t\t\t<\/div>\n\t\t\t\t<\/div>\n\t\t\t\t<\/div>\n\t\t\t\t\t<\/div>\n\t\t\t\t<\/div>\n\t\t<div class=\"elementor-element elementor-element-4ccdd7c e-flex e-con-boxed e-con e-parent\" data-id=\"4ccdd7c\" data-element_type=\"container\">\n\t\t\t\t\t<div class=\"e-con-inner\">\n\t\t<div class=\"elementor-element elementor-element-9a2a2df e-con-full e-flex e-con e-child\" data-id=\"9a2a2df\" data-element_type=\"container\">\n\t\t\t\t<div class=\"elementor-element elementor-element-59be21e elementor-widget elementor-widget-image\" data-id=\"59be21e\" data-element_type=\"widget\" data-widget_type=\"image.default\">\n\t\t\t\t<div class=\"elementor-widget-container\">\n\t\t\t\t\t\t\t\t\t\t\t\t\t<img decoding=\"async\" width=\"768\" height=\"1024\" src=\"https:\/\/programapetzoo.com.br\/site\/wp-content\/uploads\/2024\/03\/planeta-4-768x1024.jpeg\" class=\"attachment-large size-large wp-image-7547\" alt=\"\" srcset=\"https:\/\/programapetzoo.com.br\/site\/wp-content\/uploads\/2024\/03\/planeta-4-768x1024.jpeg 768w, https:\/\/programapetzoo.com.br\/site\/wp-content\/uploads\/2024\/03\/planeta-4-225x300.jpeg 225w, https:\/\/programapetzoo.com.br\/site\/wp-content\/uploads\/2024\/03\/planeta-4-1152x1536.jpeg 1152w, https:\/\/programapetzoo.com.br\/site\/wp-content\/uploads\/2024\/03\/planeta-4.jpeg 1200w\" sizes=\"(max-width: 768px) 100vw, 768px\" \/>\t\t\t\t\t\t\t\t\t\t\t\t\t<\/div>\n\t\t\t\t<\/div>\n\t\t\t\t<\/div>\n\t\t<div class=\"elementor-element elementor-element-51835b0 e-con-full e-flex e-con e-child\" data-id=\"51835b0\" data-element_type=\"container\">\n\t\t\t\t<div class=\"elementor-element elementor-element-3b52830 elementor-widget elementor-widget-google_maps\" data-id=\"3b52830\" data-element_type=\"widget\" data-widget_type=\"google_maps.default\">\n\t\t\t\t<div class=\"elementor-widget-container\">\n\t\t\t\t\t<div class=\"elementor-custom-embed\">\n\t\t\t<iframe loading=\"lazy\"\n\t\t\t\t\tsrc=\"https:\/\/maps.google.com\/maps?q=Av.%20Praia%20de%20Genipabu%2C%20n.%202419%20Ponta%20Negra%20Natal-RN%20Cep.%2059094.010&#038;t=m&#038;z=16&#038;output=embed&#038;iwloc=near\"\n\t\t\t\t\ttitle=\"Av. Praia de Genipabu, n. 2419 Ponta Negra Natal-RN Cep. 59094.010\"\n\t\t\t\t\taria-label=\"Av. Praia de Genipabu, n. 2419 Ponta Negra Natal-RN Cep. 59094.010\"\n\t\t\t><\/iframe>\n\t\t<\/div>\n\t\t\t\t<\/div>\n\t\t\t\t<\/div>\n\t\t\t\t<\/div>\n\t\t\t\t\t<\/div>\n\t\t\t\t<\/div>\n\t\t<div class=\"elementor-element elementor-element-c1f23b8 e-flex e-con-boxed e-con e-parent\" data-id=\"c1f23b8\" data-element_type=\"container\">\n\t\t\t\t\t<div class=\"e-con-inner\">\n\t\t<div class=\"elementor-element elementor-element-0bfcfed e-con-full e-flex e-con e-child\" data-id=\"0bfcfed\" data-element_type=\"container\">\n\t\t\t\t<div class=\"elementor-element elementor-element-4a69d5e elementor-widget elementor-widget-image\" data-id=\"4a69d5e\" data-element_type=\"widget\" data-widget_type=\"image.default\">\n\t\t\t\t<div class=\"elementor-widget-container\">\n\t\t\t\t\t\t\t\t\t\t\t\t\t<img decoding=\"async\" width=\"800\" height=\"600\" src=\"https:\/\/programapetzoo.com.br\/site\/wp-content\/uploads\/2024\/03\/planeta-1-1024x768.jpeg\" class=\"attachment-large size-large wp-image-7554\" alt=\"\" srcset=\"https:\/\/programapetzoo.com.br\/site\/wp-content\/uploads\/2024\/03\/planeta-1-1024x768.jpeg 1024w, https:\/\/programapetzoo.com.br\/site\/wp-content\/uploads\/2024\/03\/planeta-1-300x225.jpeg 300w, https:\/\/programapetzoo.com.br\/site\/wp-content\/uploads\/2024\/03\/planeta-1-768x576.jpeg 768w, https:\/\/programapetzoo.com.br\/site\/wp-content\/uploads\/2024\/03\/planeta-1-1536x1152.jpeg 1536w, https:\/\/programapetzoo.com.br\/site\/wp-content\/uploads\/2024\/03\/planeta-1.jpeg 1600w\" sizes=\"(max-width: 800px) 100vw, 800px\" \/>\t\t\t\t\t\t\t\t\t\t\t\t\t<\/div>\n\t\t\t\t<\/div>\n\t\t\t\t<\/div>\n\t\t<div class=\"elementor-element elementor-element-eb06ec4 e-con-full e-flex e-con e-child\" data-id=\"eb06ec4\" data-element_type=\"container\">\n\t\t\t\t<div class=\"elementor-element elementor-element-a08b9f2 elementor-widget elementor-widget-image\" data-id=\"a08b9f2\" data-element_type=\"widget\" data-widget_type=\"image.default\">\n\t\t\t\t<div class=\"elementor-widget-container\">\n\t\t\t\t\t\t\t\t\t\t\t\t\t<img loading=\"lazy\" decoding=\"async\" width=\"800\" height=\"600\" src=\"https:\/\/programapetzoo.com.br\/site\/wp-content\/uploads\/2024\/03\/planeta-3-1024x768.jpeg\" class=\"attachment-large size-large wp-image-7555\" alt=\"\" srcset=\"https:\/\/programapetzoo.com.br\/site\/wp-content\/uploads\/2024\/03\/planeta-3-1024x768.jpeg 1024w, https:\/\/programapetzoo.com.br\/site\/wp-content\/uploads\/2024\/03\/planeta-3-300x225.jpeg 300w, https:\/\/programapetzoo.com.br\/site\/wp-content\/uploads\/2024\/03\/planeta-3-768x576.jpeg 768w, https:\/\/programapetzoo.com.br\/site\/wp-content\/uploads\/2024\/03\/planeta-3-1536x1152.jpeg 1536w, https:\/\/programapetzoo.com.br\/site\/wp-content\/uploads\/2024\/03\/planeta-3.jpeg 1600w\" sizes=\"(max-width: 800px) 100vw, 800px\" \/>\t\t\t\t\t\t\t\t\t\t\t\t\t<\/div>\n\t\t\t\t<\/div>\n\t\t\t\t<\/div>\n\t\t\t\t\t<\/div>\n\t\t\t\t<\/div>\n\t\t<div class=\"elementor-element elementor-element-d533276 e-flex e-con-boxed e-con e-parent\" data-id=\"d533276\" data-element_type=\"container\">\n\t\t\t\t\t<div class=\"e-con-inner\">\n\t\t<div class=\"elementor-element elementor-element-2ad10e9 e-con-full e-flex e-con e-child\" data-id=\"2ad10e9\" data-element_type=\"container\">\n\t\t\t\t<div class=\"elementor-element elementor-element-ec557b4 elementor-widget elementor-widget-image\" data-id=\"ec557b4\" data-element_type=\"widget\" data-widget_type=\"image.default\">\n\t\t\t\t<div class=\"elementor-widget-container\">\n\t\t\t\t\t\t\t\t\t\t\t\t\t<img loading=\"lazy\" decoding=\"async\" width=\"800\" height=\"600\" src=\"https:\/\/programapetzoo.com.br\/site\/wp-content\/uploads\/2024\/03\/planeta-2-1024x768.jpeg\" class=\"attachment-large size-large wp-image-7562\" alt=\"\" srcset=\"https:\/\/programapetzoo.com.br\/site\/wp-content\/uploads\/2024\/03\/planeta-2-1024x768.jpeg 1024w, https:\/\/programapetzoo.com.br\/site\/wp-content\/uploads\/2024\/03\/planeta-2-300x225.jpeg 300w, https:\/\/programapetzoo.com.br\/site\/wp-content\/uploads\/2024\/03\/planeta-2-768x576.jpeg 768w, https:\/\/programapetzoo.com.br\/site\/wp-content\/uploads\/2024\/03\/planeta-2-1536x1152.jpeg 1536w, https:\/\/programapetzoo.com.br\/site\/wp-content\/uploads\/2024\/03\/planeta-2.jpeg 1600w\" sizes=\"(max-width: 800px) 100vw, 800px\" \/>\t\t\t\t\t\t\t\t\t\t\t\t\t<\/div>\n\t\t\t\t<\/div>\n\t\t\t\t<\/div>\n\t\t<div class=\"elementor-element elementor-element-b56eb09 e-con-full e-flex e-con e-child\" data-id=\"b56eb09\" data-element_type=\"container\">\n\t\t\t\t<div class=\"elementor-element elementor-element-8ea718a elementor-widget elementor-widget-image\" data-id=\"8ea718a\" data-element_type=\"widget\" data-widget_type=\"image.default\">\n\t\t\t\t<div class=\"elementor-widget-container\">\n\t\t\t\t\t\t\t\t\t\t\t\t\t<img loading=\"lazy\" decoding=\"async\" width=\"800\" height=\"600\" src=\"https:\/\/programapetzoo.com.br\/site\/wp-content\/uploads\/2024\/03\/planeta-5-1024x768.jpeg\" class=\"attachment-large size-large wp-image-7563\" alt=\"\" srcset=\"https:\/\/programapetzoo.com.br\/site\/wp-content\/uploads\/2024\/03\/planeta-5-1024x768.jpeg 1024w, https:\/\/programapetzoo.com.br\/site\/wp-content\/uploads\/2024\/03\/planeta-5-300x225.jpeg 300w, https:\/\/programapetzoo.com.br\/site\/wp-content\/uploads\/2024\/03\/planeta-5-768x576.jpeg 768w, https:\/\/programapetzoo.com.br\/site\/wp-content\/uploads\/2024\/03\/planeta-5-1536x1152.jpeg 1536w, https:\/\/programapetzoo.com.br\/site\/wp-content\/uploads\/2024\/03\/planeta-5.jpeg 1600w\" sizes=\"(max-width: 800px) 100vw, 800px\" \/>\t\t\t\t\t\t\t\t\t\t\t\t\t<\/div>\n\t\t\t\t<\/div>\n\t\t\t\t<\/div>\n\t\t\t\t\t<\/div>\n\t\t\t\t<\/div>\n\t\t\t\t<\/div>\n\t\t","protected":false},"excerpt":{"rendered":"<p>Planeta Animal PLANETA ANIMALPet Shop Ponta Negra Um mundo em produtos para seu animal de estima\u00e7\u00e3o\u00a0\u00a0 Av. Praia de Genipabu,n. 2419Ponta NegraNatal-RNCep. 59094.010 Hor\u00e1rios de funcionamentoSeg a sexta-feira08:00 \u00e1s 18:00S\u00e1bado08:00 &#8230;<\/p>\n","protected":false},"author":1,"featured_media":0,"parent":0,"menu_order":0,"comment_status":"closed","ping_status":"closed","template":"","meta":{"footnotes":""},"class_list":["post-7535","page","type-page","status-publish","hentry"],"jetpack_sharing_enabled":true,"blog_post_layout_featured_media_urls":{"thumbnail":"","full":""},"categories_names":null,"comments_number":"0","wpmagazine_modules_lite_featured_media_urls":{"thumbnail":"","cvmm-medium":"","cvmm-medium-plus":"","cvmm-portrait":"","cvmm-medium-square":"","cvmm-large":"","cvmm-small":"","full":""},"_links":{"self":[{"href":"https:\/\/programapetzoo.com.br\/site\/wp-json\/wp\/v2\/pages\/7535","targetHints":{"allow":["GET"]}}],"collection":[{"href":"https:\/\/programapetzoo.com.br\/site\/wp-json\/wp\/v2\/pages"}],"about":[{"href":"https:\/\/programapetzoo.com.br\/site\/wp-json\/wp\/v2\/types\/page"}],"author":[{"embeddable":true,"href":"https:\/\/programapetzoo.com.br\/site\/wp-json\/wp\/v2\/users\/1"}],"replies":[{"embeddable":true,"href":"https:\/\/programapetzoo.com.br\/site\/wp-json\/wp\/v2\/comments?post=7535"}],"version-history":[{"count":0,"href":"https:\/\/programapetzoo.com.br\/site\/wp-json\/wp\/v2\/pages\/7535\/revisions"}],"wp:attachment":[{"href":"https:\/\/programapetzoo.com.br\/site\/wp-json\/wp\/v2\/media?parent=7535"}],"curies":[{"name":"wp","href":"https:\/\/api.w.org\/{rel}","templated":true}]}}