{"id":7455,"date":"2024-03-28T12:11:41","date_gmt":"2024-03-28T15:11:41","guid":{"rendered":"https:\/\/programapetzoo.com.br\/?page_id=7455"},"modified":"2024-03-28T12:11:41","modified_gmt":"2024-03-28T15:11:41","slug":"pelludus","status":"publish","type":"page","link":"https:\/\/programapetzoo.com.br\/site\/pelludus\/","title":{"rendered":"Pelludus"},"content":{"rendered":"\t\t<div data-elementor-type=\"wp-page\" data-elementor-id=\"7455\" class=\"elementor elementor-7455\">\n\t\t\t\t<div class=\"elementor-element elementor-element-f406930 e-flex e-con-boxed e-con e-parent\" data-id=\"f406930\" data-element_type=\"container\">\n\t\t\t\t\t<div class=\"e-con-inner\">\n\t\t\t\t<div class=\"elementor-element elementor-element-bcb31c7 elementor-widget elementor-widget-heading\" data-id=\"bcb31c7\" data-element_type=\"widget\" data-widget_type=\"heading.default\">\n\t\t\t\t<div class=\"elementor-widget-container\">\n\t\t\t<h2 class=\"elementor-heading-title elementor-size-default\">Pelludus<\/h2>\t\t<\/div>\n\t\t\t\t<\/div>\n\t\t\t\t\t<\/div>\n\t\t\t\t<\/div>\n\t\t<div class=\"elementor-element elementor-element-cd5d849 e-flex e-con-boxed e-con e-parent\" data-id=\"cd5d849\" data-element_type=\"container\">\n\t\t\t\t\t<div class=\"e-con-inner\">\n\t\t<div class=\"elementor-element elementor-element-12c16a4 e-con-full e-flex e-con e-child\" data-id=\"12c16a4\" data-element_type=\"container\">\n\t\t\t\t<div class=\"elementor-element elementor-element-1ff030c elementor-widget elementor-widget-image\" data-id=\"1ff030c\" data-element_type=\"widget\" data-widget_type=\"image.default\">\n\t\t\t\t<div class=\"elementor-widget-container\">\n\t\t\t\t\t\t\t\t\t\t\t\t\t<img fetchpriority=\"high\" decoding=\"async\" width=\"617\" height=\"621\" src=\"https:\/\/programapetzoo.com.br\/site\/wp-content\/uploads\/2024\/03\/logo-peludos.jpeg\" class=\"attachment-large size-large wp-image-7445\" alt=\"\" srcset=\"https:\/\/programapetzoo.com.br\/site\/wp-content\/uploads\/2024\/03\/logo-peludos.jpeg 617w, https:\/\/programapetzoo.com.br\/site\/wp-content\/uploads\/2024\/03\/logo-peludos-298x300.jpeg 298w, https:\/\/programapetzoo.com.br\/site\/wp-content\/uploads\/2024\/03\/logo-peludos-150x150.jpeg 150w\" sizes=\"(max-width: 617px) 100vw, 617px\" \/>\t\t\t\t\t\t\t\t\t\t\t\t\t<\/div>\n\t\t\t\t<\/div>\n\t\t\t\t<\/div>\n\t\t<div class=\"elementor-element elementor-element-d4cbba1 e-con-full e-flex e-con e-child\" data-id=\"d4cbba1\" data-element_type=\"container\">\n\t\t\t\t<div class=\"elementor-element elementor-element-e181595 elementor-widget elementor-widget-text-editor\" data-id=\"e181595\" data-element_type=\"widget\" data-widget_type=\"text-editor.default\">\n\t\t\t\t<div class=\"elementor-widget-container\">\n\t\t\t\t\t\t\t<p><strong>PELLUDOS PETSHOP<\/strong><br \/>Pet Shop e Cl\u00ednica Veterin\u00e1ria<br \/>Av Olavo Lacerda Montenegro, 4273,loja 6<br \/>(84) 99188-9696<br \/>Hor\u00e1rio de funcionamento<br \/>Seg a sex \u2013 08:00 as 18:00<br \/>Sabado \u2013 08:00 as 14:00<br \/>Domingo &#8211; FECHADO<br \/><a href=\"https:\/\/www.instagram.com\/pelludus.pet\/\" target=\"_blank\" rel=\"noopener\">@pelludus.pet<\/a><\/p><div><div class=\"gmail_signature\" dir=\"ltr\" data-smartmail=\"gmail_signature\"><div dir=\"ltr\"><div dir=\"ltr\"><div dir=\"ltr\"><div dir=\"ltr\"><div dir=\"ltr\"><div dir=\"ltr\"><div dir=\"ltr\"><div dir=\"ltr\"><div dir=\"ltr\"><div dir=\"ltr\"><div dir=\"ltr\">\u00a0<\/div><\/div><\/div><\/div><\/div><\/div><\/div><\/div><\/div><\/div><\/div><\/div><\/div>\t\t\t\t\t\t<\/div>\n\t\t\t\t<\/div>\n\t\t\t\t<\/div>\n\t\t\t\t\t<\/div>\n\t\t\t\t<\/div>\n\t\t<div class=\"elementor-element elementor-element-3a89875 e-flex e-con-boxed e-con e-parent\" data-id=\"3a89875\" data-element_type=\"container\">\n\t\t\t\t\t<div class=\"e-con-inner\">\n\t\t<div class=\"elementor-element elementor-element-4279a25 e-con-full e-flex e-con e-child\" data-id=\"4279a25\" data-element_type=\"container\">\n\t\t\t\t<div class=\"elementor-element elementor-element-2d63b10 elementor-widget elementor-widget-image\" data-id=\"2d63b10\" data-element_type=\"widget\" data-widget_type=\"image.default\">\n\t\t\t\t<div class=\"elementor-widget-container\">\n\t\t\t\t\t\t\t\t\t\t\t\t\t<img decoding=\"async\" width=\"800\" height=\"360\" src=\"https:\/\/programapetzoo.com.br\/site\/wp-content\/uploads\/2024\/03\/peludos-2-1024x461.jpeg\" class=\"attachment-large size-large wp-image-7464\" alt=\"\" srcset=\"https:\/\/programapetzoo.com.br\/site\/wp-content\/uploads\/2024\/03\/peludos-2-1024x461.jpeg 1024w, https:\/\/programapetzoo.com.br\/site\/wp-content\/uploads\/2024\/03\/peludos-2-300x135.jpeg 300w, https:\/\/programapetzoo.com.br\/site\/wp-content\/uploads\/2024\/03\/peludos-2-768x346.jpeg 768w, https:\/\/programapetzoo.com.br\/site\/wp-content\/uploads\/2024\/03\/peludos-2-1536x692.jpeg 1536w, https:\/\/programapetzoo.com.br\/site\/wp-content\/uploads\/2024\/03\/peludos-2-2048x923.jpeg 2048w\" sizes=\"(max-width: 800px) 100vw, 800px\" \/>\t\t\t\t\t\t\t\t\t\t\t\t\t<\/div>\n\t\t\t\t<\/div>\n\t\t\t\t<\/div>\n\t\t<div class=\"elementor-element elementor-element-2c57bea e-con-full e-flex e-con e-child\" data-id=\"2c57bea\" data-element_type=\"container\">\n\t\t\t\t<div class=\"elementor-element elementor-element-33cd178 elementor-widget elementor-widget-google_maps\" data-id=\"33cd178\" data-element_type=\"widget\" data-widget_type=\"google_maps.default\">\n\t\t\t\t<div class=\"elementor-widget-container\">\n\t\t\t\t\t<div class=\"elementor-custom-embed\">\n\t\t\t<iframe loading=\"lazy\"\n\t\t\t\t\tsrc=\"https:\/\/maps.google.com\/maps?q=Av%20Olavo%20Lacerda%20Montenegro%2C%204273%20natal%20rn&#038;t=m&#038;z=16&#038;output=embed&#038;iwloc=near\"\n\t\t\t\t\ttitle=\"Av Olavo Lacerda Montenegro, 4273 natal rn\"\n\t\t\t\t\taria-label=\"Av Olavo Lacerda Montenegro, 4273 natal rn\"\n\t\t\t><\/iframe>\n\t\t<\/div>\n\t\t\t\t<\/div>\n\t\t\t\t<\/div>\n\t\t\t\t<\/div>\n\t\t\t\t\t<\/div>\n\t\t\t\t<\/div>\n\t\t<div class=\"elementor-element elementor-element-fa4cc7e e-flex e-con-boxed e-con e-parent\" data-id=\"fa4cc7e\" data-element_type=\"container\">\n\t\t\t\t\t<div class=\"e-con-inner\">\n\t\t<div class=\"elementor-element elementor-element-941acf9 e-con-full e-flex e-con e-child\" data-id=\"941acf9\" data-element_type=\"container\">\n\t\t\t\t<div class=\"elementor-element elementor-element-49d7967 elementor-widget elementor-widget-image\" data-id=\"49d7967\" data-element_type=\"widget\" data-widget_type=\"image.default\">\n\t\t\t\t<div class=\"elementor-widget-container\">\n\t\t\t\t\t\t\t\t\t\t\t\t\t<img decoding=\"async\" width=\"800\" height=\"360\" src=\"https:\/\/programapetzoo.com.br\/site\/wp-content\/uploads\/2024\/03\/peludos-8-1024x461.jpeg\" class=\"attachment-large size-large wp-image-7471\" alt=\"\" srcset=\"https:\/\/programapetzoo.com.br\/site\/wp-content\/uploads\/2024\/03\/peludos-8-1024x461.jpeg 1024w, https:\/\/programapetzoo.com.br\/site\/wp-content\/uploads\/2024\/03\/peludos-8-300x135.jpeg 300w, https:\/\/programapetzoo.com.br\/site\/wp-content\/uploads\/2024\/03\/peludos-8-768x346.jpeg 768w, https:\/\/programapetzoo.com.br\/site\/wp-content\/uploads\/2024\/03\/peludos-8-1536x692.jpeg 1536w, https:\/\/programapetzoo.com.br\/site\/wp-content\/uploads\/2024\/03\/peludos-8-2048x923.jpeg 2048w\" sizes=\"(max-width: 800px) 100vw, 800px\" \/>\t\t\t\t\t\t\t\t\t\t\t\t\t<\/div>\n\t\t\t\t<\/div>\n\t\t\t\t<\/div>\n\t\t<div class=\"elementor-element elementor-element-822b9bd e-con-full e-flex e-con e-child\" data-id=\"822b9bd\" data-element_type=\"container\">\n\t\t\t\t<div class=\"elementor-element elementor-element-bef1de0 elementor-widget elementor-widget-image\" data-id=\"bef1de0\" data-element_type=\"widget\" data-widget_type=\"image.default\">\n\t\t\t\t<div class=\"elementor-widget-container\">\n\t\t\t\t\t\t\t\t\t\t\t\t\t<img loading=\"lazy\" decoding=\"async\" width=\"800\" height=\"360\" src=\"https:\/\/programapetzoo.com.br\/site\/wp-content\/uploads\/2024\/03\/peludos-7-1024x461.jpeg\" class=\"attachment-large size-large wp-image-7472\" alt=\"\" srcset=\"https:\/\/programapetzoo.com.br\/site\/wp-content\/uploads\/2024\/03\/peludos-7-1024x461.jpeg 1024w, https:\/\/programapetzoo.com.br\/site\/wp-content\/uploads\/2024\/03\/peludos-7-300x135.jpeg 300w, https:\/\/programapetzoo.com.br\/site\/wp-content\/uploads\/2024\/03\/peludos-7-768x346.jpeg 768w, https:\/\/programapetzoo.com.br\/site\/wp-content\/uploads\/2024\/03\/peludos-7-1536x692.jpeg 1536w, https:\/\/programapetzoo.com.br\/site\/wp-content\/uploads\/2024\/03\/peludos-7-2048x923.jpeg 2048w\" sizes=\"(max-width: 800px) 100vw, 800px\" \/>\t\t\t\t\t\t\t\t\t\t\t\t\t<\/div>\n\t\t\t\t<\/div>\n\t\t\t\t<\/div>\n\t\t\t\t\t<\/div>\n\t\t\t\t<\/div>\n\t\t<div class=\"elementor-element elementor-element-cd6d963 e-flex e-con-boxed e-con e-parent\" data-id=\"cd6d963\" data-element_type=\"container\">\n\t\t\t\t\t<div class=\"e-con-inner\">\n\t\t<div class=\"elementor-element elementor-element-f967d3a e-con-full e-flex e-con e-child\" data-id=\"f967d3a\" data-element_type=\"container\">\n\t\t\t\t<div class=\"elementor-element elementor-element-43b0784 elementor-widget elementor-widget-image\" data-id=\"43b0784\" data-element_type=\"widget\" data-widget_type=\"image.default\">\n\t\t\t\t<div class=\"elementor-widget-container\">\n\t\t\t\t\t\t\t\t\t\t\t\t\t<img loading=\"lazy\" decoding=\"async\" width=\"800\" height=\"360\" src=\"https:\/\/programapetzoo.com.br\/site\/wp-content\/uploads\/2024\/03\/peludos-6-1024x461.jpeg\" class=\"attachment-large size-large wp-image-7479\" alt=\"\" srcset=\"https:\/\/programapetzoo.com.br\/site\/wp-content\/uploads\/2024\/03\/peludos-6-1024x461.jpeg 1024w, https:\/\/programapetzoo.com.br\/site\/wp-content\/uploads\/2024\/03\/peludos-6-300x135.jpeg 300w, https:\/\/programapetzoo.com.br\/site\/wp-content\/uploads\/2024\/03\/peludos-6-768x346.jpeg 768w, https:\/\/programapetzoo.com.br\/site\/wp-content\/uploads\/2024\/03\/peludos-6-1536x692.jpeg 1536w, https:\/\/programapetzoo.com.br\/site\/wp-content\/uploads\/2024\/03\/peludos-6-2048x923.jpeg 2048w\" sizes=\"(max-width: 800px) 100vw, 800px\" \/>\t\t\t\t\t\t\t\t\t\t\t\t\t<\/div>\n\t\t\t\t<\/div>\n\t\t\t\t<\/div>\n\t\t<div class=\"elementor-element elementor-element-7ed9e09 e-con-full e-flex e-con e-child\" data-id=\"7ed9e09\" data-element_type=\"container\">\n\t\t\t\t<div class=\"elementor-element elementor-element-ff9c375 elementor-widget elementor-widget-image\" data-id=\"ff9c375\" data-element_type=\"widget\" data-widget_type=\"image.default\">\n\t\t\t\t<div class=\"elementor-widget-container\">\n\t\t\t\t\t\t\t\t\t\t\t\t\t<img loading=\"lazy\" decoding=\"async\" width=\"800\" height=\"360\" src=\"https:\/\/programapetzoo.com.br\/site\/wp-content\/uploads\/2024\/03\/peludos-3-1024x461.jpeg\" class=\"attachment-large size-large wp-image-7480\" alt=\"\" srcset=\"https:\/\/programapetzoo.com.br\/site\/wp-content\/uploads\/2024\/03\/peludos-3-1024x461.jpeg 1024w, https:\/\/programapetzoo.com.br\/site\/wp-content\/uploads\/2024\/03\/peludos-3-300x135.jpeg 300w, https:\/\/programapetzoo.com.br\/site\/wp-content\/uploads\/2024\/03\/peludos-3-768x346.jpeg 768w, https:\/\/programapetzoo.com.br\/site\/wp-content\/uploads\/2024\/03\/peludos-3-1536x692.jpeg 1536w, https:\/\/programapetzoo.com.br\/site\/wp-content\/uploads\/2024\/03\/peludos-3-2048x923.jpeg 2048w\" sizes=\"(max-width: 800px) 100vw, 800px\" \/>\t\t\t\t\t\t\t\t\t\t\t\t\t<\/div>\n\t\t\t\t<\/div>\n\t\t\t\t<\/div>\n\t\t\t\t\t<\/div>\n\t\t\t\t<\/div>\n\t\t<div class=\"elementor-element elementor-element-e0a51ec e-flex e-con-boxed e-con e-parent\" data-id=\"e0a51ec\" data-element_type=\"container\">\n\t\t\t\t\t<div class=\"e-con-inner\">\n\t\t<div class=\"elementor-element elementor-element-761ceb4 e-con-full e-flex e-con e-child\" data-id=\"761ceb4\" data-element_type=\"container\">\n\t\t\t\t<div class=\"elementor-element elementor-element-db8db5b elementor-widget elementor-widget-image\" data-id=\"db8db5b\" data-element_type=\"widget\" data-widget_type=\"image.default\">\n\t\t\t\t<div class=\"elementor-widget-container\">\n\t\t\t\t\t\t\t\t\t\t\t\t\t<img loading=\"lazy\" decoding=\"async\" width=\"461\" height=\"1024\" src=\"https:\/\/programapetzoo.com.br\/site\/wp-content\/uploads\/2024\/03\/pelludos-1-461x1024.jpeg\" class=\"attachment-large size-large wp-image-7484\" alt=\"\" srcset=\"https:\/\/programapetzoo.com.br\/site\/wp-content\/uploads\/2024\/03\/pelludos-1-461x1024.jpeg 461w, https:\/\/programapetzoo.com.br\/site\/wp-content\/uploads\/2024\/03\/pelludos-1-135x300.jpeg 135w, https:\/\/programapetzoo.com.br\/site\/wp-content\/uploads\/2024\/03\/pelludos-1-768x1705.jpeg 768w, https:\/\/programapetzoo.com.br\/site\/wp-content\/uploads\/2024\/03\/pelludos-1-692x1536.jpeg 692w, https:\/\/programapetzoo.com.br\/site\/wp-content\/uploads\/2024\/03\/pelludos-1-923x2048.jpeg 923w, https:\/\/programapetzoo.com.br\/site\/wp-content\/uploads\/2024\/03\/pelludos-1-scaled.jpeg 1153w\" sizes=\"(max-width: 461px) 100vw, 461px\" \/>\t\t\t\t\t\t\t\t\t\t\t\t\t<\/div>\n\t\t\t\t<\/div>\n\t\t\t\t<\/div>\n\t\t<div class=\"elementor-element elementor-element-417951a e-con-full e-flex e-con e-child\" data-id=\"417951a\" data-element_type=\"container\">\n\t\t\t\t<div class=\"elementor-element elementor-element-983e7ed elementor-widget elementor-widget-image\" data-id=\"983e7ed\" data-element_type=\"widget\" data-widget_type=\"image.default\">\n\t\t\t\t<div class=\"elementor-widget-container\">\n\t\t\t\t\t\t\t\t\t\t\t\t\t<img loading=\"lazy\" decoding=\"async\" width=\"461\" height=\"1024\" src=\"https:\/\/programapetzoo.com.br\/site\/wp-content\/uploads\/2024\/03\/peludos-5-461x1024.jpeg\" class=\"attachment-large size-large wp-image-7485\" alt=\"\" srcset=\"https:\/\/programapetzoo.com.br\/site\/wp-content\/uploads\/2024\/03\/peludos-5-461x1024.jpeg 461w, https:\/\/programapetzoo.com.br\/site\/wp-content\/uploads\/2024\/03\/peludos-5-135x300.jpeg 135w, https:\/\/programapetzoo.com.br\/site\/wp-content\/uploads\/2024\/03\/peludos-5-768x1705.jpeg 768w, https:\/\/programapetzoo.com.br\/site\/wp-content\/uploads\/2024\/03\/peludos-5-692x1536.jpeg 692w, https:\/\/programapetzoo.com.br\/site\/wp-content\/uploads\/2024\/03\/peludos-5-923x2048.jpeg 923w, https:\/\/programapetzoo.com.br\/site\/wp-content\/uploads\/2024\/03\/peludos-5-scaled.jpeg 1153w\" sizes=\"(max-width: 461px) 100vw, 461px\" \/>\t\t\t\t\t\t\t\t\t\t\t\t\t<\/div>\n\t\t\t\t<\/div>\n\t\t\t\t<\/div>\n\t\t\t\t\t<\/div>\n\t\t\t\t<\/div>\n\t\t\t\t<\/div>\n\t\t","protected":false},"excerpt":{"rendered":"<p>Pelludus PELLUDOS PETSHOPPet Shop e Cl\u00ednica Veterin\u00e1riaAv Olavo Lacerda Montenegro, 4273,loja 6(84) 99188-9696Hor\u00e1rio de funcionamentoSeg a sex \u2013 08:00 as 18:00Sabado \u2013 08:00 as 14:00Domingo &#8211; FECHADO@pelludus.pet \u00a0<\/p>\n","protected":false},"author":1,"featured_media":0,"parent":0,"menu_order":0,"comment_status":"closed","ping_status":"closed","template":"","meta":{"footnotes":""},"class_list":["post-7455","page","type-page","status-publish","hentry"],"jetpack_sharing_enabled":true,"blog_post_layout_featured_media_urls":{"thumbnail":"","full":""},"categories_names":null,"comments_number":"0","wpmagazine_modules_lite_featured_media_urls":{"thumbnail":"","cvmm-medium":"","cvmm-medium-plus":"","cvmm-portrait":"","cvmm-medium-square":"","cvmm-large":"","cvmm-small":"","full":""},"_links":{"self":[{"href":"https:\/\/programapetzoo.com.br\/site\/wp-json\/wp\/v2\/pages\/7455","targetHints":{"allow":["GET"]}}],"collection":[{"href":"https:\/\/programapetzoo.com.br\/site\/wp-json\/wp\/v2\/pages"}],"about":[{"href":"https:\/\/programapetzoo.com.br\/site\/wp-json\/wp\/v2\/types\/page"}],"author":[{"embeddable":true,"href":"https:\/\/programapetzoo.com.br\/site\/wp-json\/wp\/v2\/users\/1"}],"replies":[{"embeddable":true,"href":"https:\/\/programapetzoo.com.br\/site\/wp-json\/wp\/v2\/comments?post=7455"}],"version-history":[{"count":0,"href":"https:\/\/programapetzoo.com.br\/site\/wp-json\/wp\/v2\/pages\/7455\/revisions"}],"wp:attachment":[{"href":"https:\/\/programapetzoo.com.br\/site\/wp-json\/wp\/v2\/media?parent=7455"}],"curies":[{"name":"wp","href":"https:\/\/api.w.org\/{rel}","templated":true}]}}