{"id":7238,"date":"2024-03-28T10:10:13","date_gmt":"2024-03-28T13:10:13","guid":{"rendered":"https:\/\/programapetzoo.com.br\/?page_id=7238"},"modified":"2024-03-28T10:10:13","modified_gmt":"2024-03-28T13:10:13","slug":"serido-macaiba","status":"publish","type":"page","link":"https:\/\/programapetzoo.com.br\/site\/serido-macaiba\/","title":{"rendered":"Serid\u00f3 Maca\u00edba"},"content":{"rendered":"\t\t<div data-elementor-type=\"wp-page\" data-elementor-id=\"7238\" class=\"elementor elementor-7238\">\n\t\t\t\t<div class=\"elementor-element elementor-element-d988612 e-flex e-con-boxed e-con e-parent\" data-id=\"d988612\" data-element_type=\"container\">\n\t\t\t\t\t<div class=\"e-con-inner\">\n\t\t\t\t<div class=\"elementor-element elementor-element-9ae71f9 elementor-widget elementor-widget-heading\" data-id=\"9ae71f9\" data-element_type=\"widget\" data-widget_type=\"heading.default\">\n\t\t\t\t<div class=\"elementor-widget-container\">\n\t\t\t<h2 class=\"elementor-heading-title elementor-size-default\">SERID\u00d3 MACA\u00cdBA<\/h2>\t\t<\/div>\n\t\t\t\t<\/div>\n\t\t\t\t\t<\/div>\n\t\t\t\t<\/div>\n\t\t<div class=\"elementor-element elementor-element-07be880 e-flex e-con-boxed e-con e-parent\" data-id=\"07be880\" data-element_type=\"container\">\n\t\t\t\t\t<div class=\"e-con-inner\">\n\t\t<div class=\"elementor-element elementor-element-09a192a e-con-full e-flex e-con e-child\" data-id=\"09a192a\" data-element_type=\"container\">\n\t\t\t\t<div class=\"elementor-element elementor-element-ea06e69 elementor-widget elementor-widget-image\" data-id=\"ea06e69\" data-element_type=\"widget\" data-widget_type=\"image.default\">\n\t\t\t\t<div class=\"elementor-widget-container\">\n\t\t\t\t\t\t\t\t\t\t\t\t\t<img fetchpriority=\"high\" decoding=\"async\" width=\"800\" height=\"800\" src=\"https:\/\/programapetzoo.com.br\/site\/wp-content\/uploads\/2024\/03\/logos-1-1024x1024.jpg\" class=\"attachment-large size-large wp-image-7193\" alt=\"\" srcset=\"https:\/\/programapetzoo.com.br\/site\/wp-content\/uploads\/2024\/03\/logos-1-1024x1024.jpg 1024w, https:\/\/programapetzoo.com.br\/site\/wp-content\/uploads\/2024\/03\/logos-1-300x300.jpg 300w, https:\/\/programapetzoo.com.br\/site\/wp-content\/uploads\/2024\/03\/logos-1-150x150.jpg 150w, https:\/\/programapetzoo.com.br\/site\/wp-content\/uploads\/2024\/03\/logos-1-768x768.jpg 768w, https:\/\/programapetzoo.com.br\/site\/wp-content\/uploads\/2024\/03\/logos-1-600x600.jpg 600w, https:\/\/programapetzoo.com.br\/site\/wp-content\/uploads\/2024\/03\/logos-1.jpg 1080w\" sizes=\"(max-width: 800px) 100vw, 800px\" \/>\t\t\t\t\t\t\t\t\t\t\t\t\t<\/div>\n\t\t\t\t<\/div>\n\t\t\t\t<\/div>\n\t\t<div class=\"elementor-element elementor-element-9422973 e-con-full e-flex e-con e-child\" data-id=\"9422973\" data-element_type=\"container\">\n\t\t\t\t<div class=\"elementor-element elementor-element-6c9d85a elementor-widget elementor-widget-text-editor\" data-id=\"6c9d85a\" data-element_type=\"widget\" data-widget_type=\"text-editor.default\">\n\t\t\t\t<div class=\"elementor-widget-container\">\n\t\t\t\t\t\t\t<p>\u00a0<\/p><p>\u00a0<\/p><p>\u00a0<\/p><p>\u00a0<\/p><p>\u00a0<\/p><p><strong>SERID\u00d3 MACA\u00cdBA<\/strong><\/p><div>PetShop\u00a0e Cl\u00ednica Veterin\u00e1ria<br \/>Rua dona Em\u00edlia. 102<\/div><div>Hor\u00e1rio de funcionamento<\/div><div>Seg a sexta 07:00 \u00e0s 18h<br \/>S\u00e1bado at\u00e9 \u00a014:00h<br \/><a href=\"https:\/\/www.instagram.com\/seridovetoficial\/\" target=\"_blank\" rel=\"noopener\">@seridovetoficial<\/a><br \/>(84)992316231<\/div>\t\t\t\t\t\t<\/div>\n\t\t\t\t<\/div>\n\t\t\t\t<\/div>\n\t\t\t\t\t<\/div>\n\t\t\t\t<\/div>\n\t\t<div class=\"elementor-element elementor-element-16d2366 e-flex e-con-boxed e-con e-parent\" data-id=\"16d2366\" data-element_type=\"container\">\n\t\t\t\t\t<div class=\"e-con-inner\">\n\t\t<div class=\"elementor-element elementor-element-7909783 e-con-full e-flex e-con e-child\" data-id=\"7909783\" data-element_type=\"container\">\n\t\t\t\t<div class=\"elementor-element elementor-element-8225e27 elementor-widget elementor-widget-image\" data-id=\"8225e27\" data-element_type=\"widget\" data-widget_type=\"image.default\">\n\t\t\t\t<div class=\"elementor-widget-container\">\n\t\t\t\t\t\t\t\t\t\t\t\t\t<img decoding=\"async\" width=\"576\" height=\"1024\" src=\"https:\/\/programapetzoo.com.br\/site\/wp-content\/uploads\/2024\/03\/SERTIDO-MACAIBA-FACHADA-576x1024.jpeg\" class=\"attachment-large size-large wp-image-7246\" alt=\"\" srcset=\"https:\/\/programapetzoo.com.br\/site\/wp-content\/uploads\/2024\/03\/SERTIDO-MACAIBA-FACHADA-576x1024.jpeg 576w, https:\/\/programapetzoo.com.br\/site\/wp-content\/uploads\/2024\/03\/SERTIDO-MACAIBA-FACHADA-169x300.jpeg 169w, https:\/\/programapetzoo.com.br\/site\/wp-content\/uploads\/2024\/03\/SERTIDO-MACAIBA-FACHADA-768x1365.jpeg 768w, https:\/\/programapetzoo.com.br\/site\/wp-content\/uploads\/2024\/03\/SERTIDO-MACAIBA-FACHADA-864x1536.jpeg 864w, https:\/\/programapetzoo.com.br\/site\/wp-content\/uploads\/2024\/03\/SERTIDO-MACAIBA-FACHADA.jpeg 900w\" sizes=\"(max-width: 576px) 100vw, 576px\" \/>\t\t\t\t\t\t\t\t\t\t\t\t\t<\/div>\n\t\t\t\t<\/div>\n\t\t\t\t<\/div>\n\t\t<div class=\"elementor-element elementor-element-1095e2f e-con-full e-flex e-con e-child\" data-id=\"1095e2f\" data-element_type=\"container\">\n\t\t\t\t<div class=\"elementor-element elementor-element-82f00c9 elementor-widget elementor-widget-google_maps\" data-id=\"82f00c9\" data-element_type=\"widget\" data-widget_type=\"google_maps.default\">\n\t\t\t\t<div class=\"elementor-widget-container\">\n\t\t\t\t\t<div class=\"elementor-custom-embed\">\n\t\t\t<iframe loading=\"lazy\"\n\t\t\t\t\tsrc=\"https:\/\/maps.google.com\/maps?q=Rua%20dona%20Em%C3%ADlia.%20102%20maca%C3%ADba%20RN&#038;t=m&#038;z=15&#038;output=embed&#038;iwloc=near\"\n\t\t\t\t\ttitle=\"Rua dona Em\u00edlia. 102 maca\u00edba RN\"\n\t\t\t\t\taria-label=\"Rua dona Em\u00edlia. 102 maca\u00edba RN\"\n\t\t\t><\/iframe>\n\t\t<\/div>\n\t\t\t\t<\/div>\n\t\t\t\t<\/div>\n\t\t\t\t<\/div>\n\t\t\t\t\t<\/div>\n\t\t\t\t<\/div>\n\t\t<div class=\"elementor-element elementor-element-145a83e e-flex e-con-boxed e-con e-parent\" data-id=\"145a83e\" data-element_type=\"container\">\n\t\t\t\t\t<div class=\"e-con-inner\">\n\t\t<div class=\"elementor-element elementor-element-6981812 e-con-full e-flex e-con e-child\" data-id=\"6981812\" data-element_type=\"container\">\n\t\t\t\t<div class=\"elementor-element elementor-element-e6602a4 elementor-widget elementor-widget-image\" data-id=\"e6602a4\" data-element_type=\"widget\" data-widget_type=\"image.default\">\n\t\t\t\t<div class=\"elementor-widget-container\">\n\t\t\t\t\t\t\t\t\t\t\t\t\t<img decoding=\"async\" width=\"800\" height=\"450\" src=\"https:\/\/programapetzoo.com.br\/site\/wp-content\/uploads\/2024\/03\/SERIDO-MACAIBA-6-1024x576.jpeg\" class=\"attachment-large size-large wp-image-7254\" alt=\"\" srcset=\"https:\/\/programapetzoo.com.br\/site\/wp-content\/uploads\/2024\/03\/SERIDO-MACAIBA-6-1024x576.jpeg 1024w, https:\/\/programapetzoo.com.br\/site\/wp-content\/uploads\/2024\/03\/SERIDO-MACAIBA-6-300x169.jpeg 300w, https:\/\/programapetzoo.com.br\/site\/wp-content\/uploads\/2024\/03\/SERIDO-MACAIBA-6-768x432.jpeg 768w, https:\/\/programapetzoo.com.br\/site\/wp-content\/uploads\/2024\/03\/SERIDO-MACAIBA-6-1536x864.jpeg 1536w, https:\/\/programapetzoo.com.br\/site\/wp-content\/uploads\/2024\/03\/SERIDO-MACAIBA-6.jpeg 1600w\" sizes=\"(max-width: 800px) 100vw, 800px\" \/>\t\t\t\t\t\t\t\t\t\t\t\t\t<\/div>\n\t\t\t\t<\/div>\n\t\t\t\t<\/div>\n\t\t<div class=\"elementor-element elementor-element-ce3cfd6 e-con-full e-flex e-con e-child\" data-id=\"ce3cfd6\" data-element_type=\"container\">\n\t\t\t\t<div class=\"elementor-element elementor-element-a11bbc8 elementor-widget elementor-widget-image\" data-id=\"a11bbc8\" data-element_type=\"widget\" data-widget_type=\"image.default\">\n\t\t\t\t<div class=\"elementor-widget-container\">\n\t\t\t\t\t\t\t\t\t\t\t\t\t<img loading=\"lazy\" decoding=\"async\" width=\"800\" height=\"450\" src=\"https:\/\/programapetzoo.com.br\/site\/wp-content\/uploads\/2024\/03\/SERIDO-MACAIBA-3-1024x576.jpeg\" class=\"attachment-large size-large wp-image-7255\" alt=\"\" srcset=\"https:\/\/programapetzoo.com.br\/site\/wp-content\/uploads\/2024\/03\/SERIDO-MACAIBA-3-1024x576.jpeg 1024w, https:\/\/programapetzoo.com.br\/site\/wp-content\/uploads\/2024\/03\/SERIDO-MACAIBA-3-300x169.jpeg 300w, https:\/\/programapetzoo.com.br\/site\/wp-content\/uploads\/2024\/03\/SERIDO-MACAIBA-3-768x432.jpeg 768w, https:\/\/programapetzoo.com.br\/site\/wp-content\/uploads\/2024\/03\/SERIDO-MACAIBA-3-1536x864.jpeg 1536w, https:\/\/programapetzoo.com.br\/site\/wp-content\/uploads\/2024\/03\/SERIDO-MACAIBA-3.jpeg 1600w\" sizes=\"(max-width: 800px) 100vw, 800px\" \/>\t\t\t\t\t\t\t\t\t\t\t\t\t<\/div>\n\t\t\t\t<\/div>\n\t\t\t\t<\/div>\n\t\t<div class=\"elementor-element elementor-element-579ba5e e-con-full e-flex e-con e-child\" data-id=\"579ba5e\" data-element_type=\"container\">\n\t\t\t\t<div class=\"elementor-element elementor-element-195521e elementor-widget elementor-widget-image\" data-id=\"195521e\" data-element_type=\"widget\" data-widget_type=\"image.default\">\n\t\t\t\t<div class=\"elementor-widget-container\">\n\t\t\t\t\t\t\t\t\t\t\t\t\t<img loading=\"lazy\" decoding=\"async\" width=\"576\" height=\"1024\" src=\"https:\/\/programapetzoo.com.br\/site\/wp-content\/uploads\/2024\/03\/SERIDO-MACAIBA-1-576x1024.jpeg\" class=\"attachment-large size-large wp-image-7259\" alt=\"\" srcset=\"https:\/\/programapetzoo.com.br\/site\/wp-content\/uploads\/2024\/03\/SERIDO-MACAIBA-1-576x1024.jpeg 576w, https:\/\/programapetzoo.com.br\/site\/wp-content\/uploads\/2024\/03\/SERIDO-MACAIBA-1-169x300.jpeg 169w, https:\/\/programapetzoo.com.br\/site\/wp-content\/uploads\/2024\/03\/SERIDO-MACAIBA-1-768x1365.jpeg 768w, https:\/\/programapetzoo.com.br\/site\/wp-content\/uploads\/2024\/03\/SERIDO-MACAIBA-1-864x1536.jpeg 864w, https:\/\/programapetzoo.com.br\/site\/wp-content\/uploads\/2024\/03\/SERIDO-MACAIBA-1.jpeg 900w\" sizes=\"(max-width: 576px) 100vw, 576px\" \/>\t\t\t\t\t\t\t\t\t\t\t\t\t<\/div>\n\t\t\t\t<\/div>\n\t\t\t\t<\/div>\n\t\t<div class=\"elementor-element elementor-element-550f7b9 e-con-full e-flex e-con e-child\" data-id=\"550f7b9\" data-element_type=\"container\">\n\t\t\t\t<div class=\"elementor-element elementor-element-4a0aa2f elementor-widget elementor-widget-image\" data-id=\"4a0aa2f\" data-element_type=\"widget\" data-widget_type=\"image.default\">\n\t\t\t\t<div class=\"elementor-widget-container\">\n\t\t\t\t\t\t\t\t\t\t\t\t\t<img loading=\"lazy\" decoding=\"async\" width=\"576\" height=\"1024\" src=\"https:\/\/programapetzoo.com.br\/site\/wp-content\/uploads\/2024\/03\/SERIDO-MACAIBA-4-576x1024.jpeg\" class=\"attachment-large size-large wp-image-7260\" alt=\"\" srcset=\"https:\/\/programapetzoo.com.br\/site\/wp-content\/uploads\/2024\/03\/SERIDO-MACAIBA-4-576x1024.jpeg 576w, https:\/\/programapetzoo.com.br\/site\/wp-content\/uploads\/2024\/03\/SERIDO-MACAIBA-4-169x300.jpeg 169w, https:\/\/programapetzoo.com.br\/site\/wp-content\/uploads\/2024\/03\/SERIDO-MACAIBA-4-768x1365.jpeg 768w, https:\/\/programapetzoo.com.br\/site\/wp-content\/uploads\/2024\/03\/SERIDO-MACAIBA-4-864x1536.jpeg 864w, https:\/\/programapetzoo.com.br\/site\/wp-content\/uploads\/2024\/03\/SERIDO-MACAIBA-4.jpeg 900w\" sizes=\"(max-width: 576px) 100vw, 576px\" \/>\t\t\t\t\t\t\t\t\t\t\t\t\t<\/div>\n\t\t\t\t<\/div>\n\t\t\t\t<\/div>\n\t\t\t\t\t<\/div>\n\t\t\t\t<\/div>\n\t\t<div class=\"elementor-element elementor-element-93ebe58 e-flex e-con-boxed e-con e-parent\" data-id=\"93ebe58\" data-element_type=\"container\">\n\t\t\t\t\t<div class=\"e-con-inner\">\n\t\t<div class=\"elementor-element elementor-element-ea7e458 e-con-full e-flex e-con e-child\" data-id=\"ea7e458\" data-element_type=\"container\">\n\t\t\t\t<div class=\"elementor-element elementor-element-5851cd4 elementor-widget elementor-widget-image\" data-id=\"5851cd4\" data-element_type=\"widget\" data-widget_type=\"image.default\">\n\t\t\t\t<div class=\"elementor-widget-container\">\n\t\t\t\t\t\t\t\t\t\t\t\t\t<img loading=\"lazy\" decoding=\"async\" width=\"800\" height=\"450\" src=\"https:\/\/programapetzoo.com.br\/site\/wp-content\/uploads\/2024\/03\/SERIDO-MACAIBA-5-1024x576.jpeg\" class=\"attachment-large size-large wp-image-7264\" alt=\"\" srcset=\"https:\/\/programapetzoo.com.br\/site\/wp-content\/uploads\/2024\/03\/SERIDO-MACAIBA-5-1024x576.jpeg 1024w, https:\/\/programapetzoo.com.br\/site\/wp-content\/uploads\/2024\/03\/SERIDO-MACAIBA-5-300x169.jpeg 300w, https:\/\/programapetzoo.com.br\/site\/wp-content\/uploads\/2024\/03\/SERIDO-MACAIBA-5-768x432.jpeg 768w, https:\/\/programapetzoo.com.br\/site\/wp-content\/uploads\/2024\/03\/SERIDO-MACAIBA-5-1536x864.jpeg 1536w, https:\/\/programapetzoo.com.br\/site\/wp-content\/uploads\/2024\/03\/SERIDO-MACAIBA-5.jpeg 1600w\" sizes=\"(max-width: 800px) 100vw, 800px\" \/>\t\t\t\t\t\t\t\t\t\t\t\t\t<\/div>\n\t\t\t\t<\/div>\n\t\t\t\t<\/div>\n\t\t<div class=\"elementor-element elementor-element-4fe7186 e-con-full e-flex e-con e-child\" data-id=\"4fe7186\" data-element_type=\"container\">\n\t\t\t\t<\/div>\n\t\t\t\t\t<\/div>\n\t\t\t\t<\/div>\n\t\t\t\t<\/div>\n\t\t","protected":false},"excerpt":{"rendered":"<p>SERID\u00d3 MACA\u00cdBA \u00a0 \u00a0 \u00a0 \u00a0 \u00a0 SERID\u00d3 MACA\u00cdBA PetShop\u00a0e Cl\u00ednica Veterin\u00e1riaRua dona Em\u00edlia. 102Hor\u00e1rio de funcionamentoSeg a sexta 07:00 \u00e0s 18hS\u00e1bado at\u00e9 \u00a014:00h@seridovetoficial(84)992316231<\/p>\n","protected":false},"author":1,"featured_media":0,"parent":0,"menu_order":0,"comment_status":"closed","ping_status":"closed","template":"","meta":{"footnotes":""},"class_list":["post-7238","page","type-page","status-publish","hentry"],"jetpack_sharing_enabled":true,"blog_post_layout_featured_media_urls":{"thumbnail":"","full":""},"categories_names":null,"comments_number":"0","wpmagazine_modules_lite_featured_media_urls":{"thumbnail":"","cvmm-medium":"","cvmm-medium-plus":"","cvmm-portrait":"","cvmm-medium-square":"","cvmm-large":"","cvmm-small":"","full":""},"_links":{"self":[{"href":"https:\/\/programapetzoo.com.br\/site\/wp-json\/wp\/v2\/pages\/7238","targetHints":{"allow":["GET"]}}],"collection":[{"href":"https:\/\/programapetzoo.com.br\/site\/wp-json\/wp\/v2\/pages"}],"about":[{"href":"https:\/\/programapetzoo.com.br\/site\/wp-json\/wp\/v2\/types\/page"}],"author":[{"embeddable":true,"href":"https:\/\/programapetzoo.com.br\/site\/wp-json\/wp\/v2\/users\/1"}],"replies":[{"embeddable":true,"href":"https:\/\/programapetzoo.com.br\/site\/wp-json\/wp\/v2\/comments?post=7238"}],"version-history":[{"count":0,"href":"https:\/\/programapetzoo.com.br\/site\/wp-json\/wp\/v2\/pages\/7238\/revisions"}],"wp:attachment":[{"href":"https:\/\/programapetzoo.com.br\/site\/wp-json\/wp\/v2\/media?parent=7238"}],"curies":[{"name":"wp","href":"https:\/\/api.w.org\/{rel}","templated":true}]}}